{"id":1068,"date":"2022-02-16T07:57:30","date_gmt":"2022-02-16T07:57:30","guid":{"rendered":"https:\/\/trinoclubdeecoturismo.es\/?page_id=1068"},"modified":"2022-05-26T11:11:02","modified_gmt":"2022-05-26T11:11:02","slug":"politica-de-cookies","status":"publish","type":"page","link":"https:\/\/trinoclubdeecoturismo.es\/en\/politica-de-cookies\/","title":{"rendered":"Pol\u00edtica de cookies"},"content":{"rendered":"<div data-elementor-type=\"wp-page\" data-elementor-id=\"1068\" class=\"elementor elementor-1068\" data-elementor-post-type=\"page\">\n\t\t\t\t\t\t<section class=\"elementor-section elementor-top-section elementor-element elementor-element-e781932 elementor-section-boxed elementor-section-height-default elementor-section-height-default\" data-id=\"e781932\" data-element_type=\"section\" data-settings=\"{&quot;jet_parallax_layout_list&quot;:[{&quot;jet_parallax_layout_image&quot;:{&quot;url&quot;:&quot;&quot;,&quot;id&quot;:&quot;&quot;,&quot;size&quot;:&quot;&quot;},&quot;_id&quot;:&quot;5450d38&quot;,&quot;jet_parallax_layout_image_tablet&quot;:{&quot;url&quot;:&quot;&quot;,&quot;id&quot;:&quot;&quot;,&quot;size&quot;:&quot;&quot;},&quot;jet_parallax_layout_image_mobile&quot;:{&quot;url&quot;:&quot;&quot;,&quot;id&quot;:&quot;&quot;,&quot;size&quot;:&quot;&quot;},&quot;jet_parallax_layout_speed&quot;:{&quot;unit&quot;:&quot;%&quot;,&quot;size&quot;:50,&quot;sizes&quot;:[]},&quot;jet_parallax_layout_type&quot;:&quot;scroll&quot;,&quot;jet_parallax_layout_direction&quot;:null,&quot;jet_parallax_layout_fx_direction&quot;:null,&quot;jet_parallax_layout_z_index&quot;:&quot;&quot;,&quot;jet_parallax_layout_bg_x&quot;:50,&quot;jet_parallax_layout_bg_x_tablet&quot;:&quot;&quot;,&quot;jet_parallax_layout_bg_x_mobile&quot;:&quot;&quot;,&quot;jet_parallax_layout_bg_y&quot;:50,&quot;jet_parallax_layout_bg_y_tablet&quot;:&quot;&quot;,&quot;jet_parallax_layout_bg_y_mobile&quot;:&quot;&quot;,&quot;jet_parallax_layout_bg_size&quot;:&quot;auto&quot;,&quot;jet_parallax_layout_bg_size_tablet&quot;:&quot;&quot;,&quot;jet_parallax_layout_bg_size_mobile&quot;:&quot;&quot;,&quot;jet_parallax_layout_animation_prop&quot;:&quot;transform&quot;,&quot;jet_parallax_layout_on&quot;:[&quot;desktop&quot;,&quot;tablet&quot;]}]}\">\n\t\t\t\t\t\t<div class=\"elementor-container elementor-column-gap-default\">\n\t\t\t\t\t<div class=\"elementor-column elementor-col-100 elementor-top-column elementor-element elementor-element-97fde1b\" data-id=\"97fde1b\" data-element_type=\"column\">\n\t\t\t<div class=\"elementor-widget-wrap elementor-element-populated\">\n\t\t\t\t\t\t<div class=\"elementor-element elementor-element-bfbc6c5 elementor-invisible elementor-widget elementor-widget-heading\" data-id=\"bfbc6c5\" data-element_type=\"widget\" data-settings=\"{&quot;_animation&quot;:&quot;fadeInUp&quot;,&quot;_animation_delay&quot;:500}\" data-widget_type=\"heading.default\">\n\t\t\t\t<div class=\"elementor-widget-container\">\n\t\t\t\t\t<h2 class=\"elementor-heading-title elementor-size-default\">Pol\u00edtica de cookies<\/h2>\t\t\t\t<\/div>\n\t\t\t\t<\/div>\n\t\t\t\t\t<\/div>\n\t\t<\/div>\n\t\t\t\t\t<\/div>\n\t\t<\/section>\n\t\t\t\t<section class=\"elementor-section elementor-top-section elementor-element elementor-element-d2bde13 elementor-section-boxed elementor-section-height-default elementor-section-height-default\" data-id=\"d2bde13\" data-element_type=\"section\" data-settings=\"{&quot;jet_parallax_layout_list&quot;:[{&quot;jet_parallax_layout_image&quot;:{&quot;url&quot;:&quot;&quot;,&quot;id&quot;:&quot;&quot;,&quot;size&quot;:&quot;&quot;},&quot;_id&quot;:&quot;c1df22f&quot;,&quot;jet_parallax_layout_image_tablet&quot;:{&quot;url&quot;:&quot;&quot;,&quot;id&quot;:&quot;&quot;,&quot;size&quot;:&quot;&quot;},&quot;jet_parallax_layout_image_mobile&quot;:{&quot;url&quot;:&quot;&quot;,&quot;id&quot;:&quot;&quot;,&quot;size&quot;:&quot;&quot;},&quot;jet_parallax_layout_speed&quot;:{&quot;unit&quot;:&quot;%&quot;,&quot;size&quot;:50,&quot;sizes&quot;:[]},&quot;jet_parallax_layout_type&quot;:&quot;scroll&quot;,&quot;jet_parallax_layout_direction&quot;:null,&quot;jet_parallax_layout_fx_direction&quot;:null,&quot;jet_parallax_layout_z_index&quot;:&quot;&quot;,&quot;jet_parallax_layout_bg_x&quot;:50,&quot;jet_parallax_layout_bg_x_tablet&quot;:&quot;&quot;,&quot;jet_parallax_layout_bg_x_mobile&quot;:&quot;&quot;,&quot;jet_parallax_layout_bg_y&quot;:50,&quot;jet_parallax_layout_bg_y_tablet&quot;:&quot;&quot;,&quot;jet_parallax_layout_bg_y_mobile&quot;:&quot;&quot;,&quot;jet_parallax_layout_bg_size&quot;:&quot;auto&quot;,&quot;jet_parallax_layout_bg_size_tablet&quot;:&quot;&quot;,&quot;jet_parallax_layout_bg_size_mobile&quot;:&quot;&quot;,&quot;jet_parallax_layout_animation_prop&quot;:&quot;transform&quot;,&quot;jet_parallax_layout_on&quot;:[&quot;desktop&quot;,&quot;tablet&quot;]}]}\">\n\t\t\t\t\t\t<div class=\"elementor-container elementor-column-gap-default\">\n\t\t\t\t\t<div class=\"elementor-column elementor-col-100 elementor-top-column elementor-element elementor-element-66624c02\" data-id=\"66624c02\" data-element_type=\"column\">\n\t\t\t<div class=\"elementor-widget-wrap elementor-element-populated\">\n\t\t\t\t\t\t<div class=\"elementor-element elementor-element-3358b8a1 elementor-invisible elementor-widget elementor-widget-text-editor\" data-id=\"3358b8a1\" data-element_type=\"widget\" data-settings=\"{&quot;_animation&quot;:&quot;fadeInUp&quot;,&quot;_animation_delay&quot;:500}\" data-widget_type=\"text-editor.default\">\n\t\t\t\t<div class=\"elementor-widget-container\">\n\t\t\t\t\t\t\t\t\t<p><strong>\u00bfQu\u00e9 es una cookie?<\/strong><br \/>\nUna cookie es un peque\u00f1o fichero de datos, que el navegador Internet coloca en su dispositivo. En otros t\u00e9rminos, es lo que se podr\u00eda llamar une \u201ccarta de identificaci\u00f3n\u201d, la tarea de las cookies siendo informar la p\u00e1gina web que el usuario ha vuelto. Recordando los par\u00e1metros de navegaci\u00f3n, de las informaciones de conexi\u00f3n y del sistema, el usuario beneficia de una p\u00e1gina Internet a su servicio y optimizada.<br \/>\nExisten diferentes tipos de cookies :<br \/>\n\u2022 las cookies de sesi\u00f3n que desaparecen en cuanto el usuario deja la p\u00e1gina Internet;<br \/>\n\u2022 las cookies permanentes que permanecen en el dispositivo del usuario hasta su expiraci\u00f3n o hasta que el usuario las elimine utilizando los par\u00e1metros del navegador.<\/p>\n<p><strong>\u00bfPor qu\u00e9 utilizamos las cookies?<\/strong><br \/>\nCon el objetivo de un funcionamiento apropiado de la p\u00e1gina, colocamos a veces cookies en su dispositivo.<br \/>\nUtilizamos los tipos de cookies siguientes :<br \/>\n&#8211; las cookies estrictamente necesarias al funcionamiento de la p\u00e1gina internet ;<br \/>\n&#8211; las cookies de rendimiento \/ de funcionalidades con el fin de que la consulta del usuario sea m\u00e1s simple y agradable ;<br \/>\n&#8211; las cookies de an\u00e1lisis, con el fin de identificar de d\u00f3nde vienen los usuarios y establecer estad\u00edsticas de frecuentaci\u00f3n an\u00f3nimas ; y<br \/>\n&#8211; las cookies de marketing, con el fin de medir la eficacia de nuestras campa\u00f1as marketing (estas cookies permiten identificar el n\u00famero de clics que resultan de las campa\u00f1as de marketing ; los datos recogidos mediante estas cookies son an\u00f3nimos y sirven para medir la actividad de la p\u00e1gina web, con el fin de mejorar la experiencia de los usuarios).<\/p>\n<p>Tambi\u00e9n utilizamos cookies para recordarle sus opciones :<\/p>\n<p>&#8211; idiomas y pa\u00edses ;<br \/>\n&#8211; sus preferencias ;<br \/>\n&#8211; conectado o no conectado a su cuenta cliente<br \/>\n&#8211; par\u00e1metros de navegaci\u00f3n y plugins<\/p>\n<p><strong>\u00bfC\u00f3mo esto le puede ayudar?<\/strong><\/p>\n<p>Recordando sus par\u00e1metros, no tenemos que preguntarle, por ejemplo, su pa\u00eds, cada vez que consulta nuestra p\u00e1gina web. Sus par\u00e1metros nos indican el equipo que utiliza. De este modo, podemos ajustar la p\u00e1gina web y facilitarle une mejor experiencia de usuario. Con el fin de optimizar a\u00fan m\u00e1s su experiencia, recogemos datos relacionados con sus movimientos y su utilizaci\u00f3n de la p\u00e1gina. Recuerde que los datos que recogemos son datos estad\u00edsticos y no de car\u00e1cter personal.<\/p>\n<p><strong>\u00bfC\u00f3mo evitar la utilizaci\u00f3n de las Cookies en esta p\u00e1gina Internet?<\/strong><\/p>\n<p>Si no desea utilizar cookies en esta p\u00e1gina, teniendo en cuenta los l\u00edmites mencionados anteriormente, primero debe desactivar la utilizaci\u00f3n de Cookies en su navegador y luego eliminar las Cookies guardadas en su navegador asociadas a esta p\u00e1gina Internet. Puede efectuar esta operaci\u00f3n en todo momento.<\/p>\n<p><strong>\u00bfC\u00f3mo desactivar e impedir la utilizaci\u00f3n de las Cookies?<\/strong><\/p>\n<p>Puede restringir, bloquear o eliminar las Cookies de esta p\u00e1gina Internet en todo momento modificando la configuraci\u00f3n de su navegador como indicado a continuaci\u00f3n. Teniendo en cuenta que los par\u00e1metros son diferentes de un navegador a otro, la configuraci\u00f3n de las Cookies se gestiona habitualmente en los men\u00fas \u201cPreferencias\u201d o \u201cHerramientas\u201d.<br \/>\nPara m\u00e1s informaci\u00f3n sobre la configuraci\u00f3n de las Cookies en su navegador, consulte el men\u00fa de \u201cAyuda\u201d de este \u00faltimo.<\/p>\n\t\t\t\t\t\t\t\t<\/div>\n\t\t\t\t<\/div>\n\t\t\t\t\t<\/div>\n\t\t<\/div>\n\t\t\t\t\t<\/div>\n\t\t<\/section>\n\t\t\t\t<\/div>","protected":false},"excerpt":{"rendered":"<p>Pol\u00edtica de cookies<\/p>","protected":false},"author":22,"featured_media":0,"parent":0,"menu_order":0,"comment_status":"closed","ping_status":"closed","template":"","meta":{"footnotes":""},"class_list":["post-1068","page","type-page","status-publish","hentry"],"_links":{"self":[{"href":"https:\/\/trinoclubdeecoturismo.es\/en\/wp-json\/wp\/v2\/pages\/1068","targetHints":{"allow":["GET"]}}],"collection":[{"href":"https:\/\/trinoclubdeecoturismo.es\/en\/wp-json\/wp\/v2\/pages"}],"about":[{"href":"https:\/\/trinoclubdeecoturismo.es\/en\/wp-json\/wp\/v2\/types\/page"}],"author":[{"embeddable":true,"href":"https:\/\/trinoclubdeecoturismo.es\/en\/wp-json\/wp\/v2\/users\/22"}],"replies":[{"embeddable":true,"href":"https:\/\/trinoclubdeecoturismo.es\/en\/wp-json\/wp\/v2\/comments?post=1068"}],"version-history":[{"count":5,"href":"https:\/\/trinoclubdeecoturismo.es\/en\/wp-json\/wp\/v2\/pages\/1068\/revisions"}],"predecessor-version":[{"id":2432,"href":"https:\/\/trinoclubdeecoturismo.es\/en\/wp-json\/wp\/v2\/pages\/1068\/revisions\/2432"}],"wp:attachment":[{"href":"https:\/\/trinoclubdeecoturismo.es\/en\/wp-json\/wp\/v2\/media?parent=1068"}],"curies":[{"name":"wp","href":"https:\/\/api.w.org\/{rel}","templated":true}]}}