{"id":2230,"date":"2022-05-25T11:50:52","date_gmt":"2022-05-25T11:50:52","guid":{"rendered":"https:\/\/trinoclubdeecoturismo.es\/?page_id=2230"},"modified":"2022-05-26T11:10:47","modified_gmt":"2022-05-26T11:10:47","slug":"declaracion-responsable","status":"publish","type":"page","link":"https:\/\/trinoclubdeecoturismo.es\/en\/declaracion-responsable\/","title":{"rendered":"Declaraci\u00f3n responsable"},"content":{"rendered":"<div data-elementor-type=\"wp-page\" data-elementor-id=\"2230\" class=\"elementor elementor-2230\" data-elementor-post-type=\"page\">\n\t\t\t\t\t\t<section class=\"elementor-section elementor-top-section elementor-element elementor-element-e781932 elementor-section-boxed elementor-section-height-default elementor-section-height-default\" data-id=\"e781932\" data-element_type=\"section\" data-settings=\"{&quot;jet_parallax_layout_list&quot;:[{&quot;jet_parallax_layout_image&quot;:{&quot;url&quot;:&quot;&quot;,&quot;id&quot;:&quot;&quot;,&quot;size&quot;:&quot;&quot;},&quot;_id&quot;:&quot;5450d38&quot;,&quot;jet_parallax_layout_image_tablet&quot;:{&quot;url&quot;:&quot;&quot;,&quot;id&quot;:&quot;&quot;,&quot;size&quot;:&quot;&quot;},&quot;jet_parallax_layout_image_mobile&quot;:{&quot;url&quot;:&quot;&quot;,&quot;id&quot;:&quot;&quot;,&quot;size&quot;:&quot;&quot;},&quot;jet_parallax_layout_speed&quot;:{&quot;unit&quot;:&quot;%&quot;,&quot;size&quot;:50,&quot;sizes&quot;:[]},&quot;jet_parallax_layout_type&quot;:&quot;scroll&quot;,&quot;jet_parallax_layout_direction&quot;:null,&quot;jet_parallax_layout_fx_direction&quot;:null,&quot;jet_parallax_layout_z_index&quot;:&quot;&quot;,&quot;jet_parallax_layout_bg_x&quot;:50,&quot;jet_parallax_layout_bg_x_tablet&quot;:&quot;&quot;,&quot;jet_parallax_layout_bg_x_mobile&quot;:&quot;&quot;,&quot;jet_parallax_layout_bg_y&quot;:50,&quot;jet_parallax_layout_bg_y_tablet&quot;:&quot;&quot;,&quot;jet_parallax_layout_bg_y_mobile&quot;:&quot;&quot;,&quot;jet_parallax_layout_bg_size&quot;:&quot;auto&quot;,&quot;jet_parallax_layout_bg_size_tablet&quot;:&quot;&quot;,&quot;jet_parallax_layout_bg_size_mobile&quot;:&quot;&quot;,&quot;jet_parallax_layout_animation_prop&quot;:&quot;transform&quot;,&quot;jet_parallax_layout_on&quot;:[&quot;desktop&quot;,&quot;tablet&quot;]}]}\">\n\t\t\t\t\t\t<div class=\"elementor-container elementor-column-gap-default\">\n\t\t\t\t\t<div class=\"elementor-column elementor-col-100 elementor-top-column elementor-element elementor-element-97fde1b\" data-id=\"97fde1b\" data-element_type=\"column\">\n\t\t\t<div class=\"elementor-widget-wrap elementor-element-populated\">\n\t\t\t\t\t\t<div class=\"elementor-element elementor-element-bfbc6c5 elementor-invisible elementor-widget elementor-widget-heading\" data-id=\"bfbc6c5\" data-element_type=\"widget\" data-settings=\"{&quot;_animation&quot;:&quot;fadeInUp&quot;,&quot;_animation_delay&quot;:500}\" data-widget_type=\"heading.default\">\n\t\t\t\t<div class=\"elementor-widget-container\">\n\t\t\t\t\t<h2 class=\"elementor-heading-title elementor-size-default\">DECLARACI\u00d3N RESPONSABLE<br>\nSolicitud de admisi\u00f3n socios<\/h2>\t\t\t\t<\/div>\n\t\t\t\t<\/div>\n\t\t\t\t\t<\/div>\n\t\t<\/div>\n\t\t\t\t\t<\/div>\n\t\t<\/section>\n\t\t\t\t<section class=\"elementor-section elementor-top-section elementor-element elementor-element-d2bde13 elementor-section-boxed elementor-section-height-default elementor-section-height-default\" data-id=\"d2bde13\" data-element_type=\"section\" data-settings=\"{&quot;jet_parallax_layout_list&quot;:[{&quot;jet_parallax_layout_image&quot;:{&quot;url&quot;:&quot;&quot;,&quot;id&quot;:&quot;&quot;,&quot;size&quot;:&quot;&quot;},&quot;_id&quot;:&quot;c1df22f&quot;,&quot;jet_parallax_layout_image_tablet&quot;:{&quot;url&quot;:&quot;&quot;,&quot;id&quot;:&quot;&quot;,&quot;size&quot;:&quot;&quot;},&quot;jet_parallax_layout_image_mobile&quot;:{&quot;url&quot;:&quot;&quot;,&quot;id&quot;:&quot;&quot;,&quot;size&quot;:&quot;&quot;},&quot;jet_parallax_layout_speed&quot;:{&quot;unit&quot;:&quot;%&quot;,&quot;size&quot;:50,&quot;sizes&quot;:[]},&quot;jet_parallax_layout_type&quot;:&quot;scroll&quot;,&quot;jet_parallax_layout_direction&quot;:null,&quot;jet_parallax_layout_fx_direction&quot;:null,&quot;jet_parallax_layout_z_index&quot;:&quot;&quot;,&quot;jet_parallax_layout_bg_x&quot;:50,&quot;jet_parallax_layout_bg_x_tablet&quot;:&quot;&quot;,&quot;jet_parallax_layout_bg_x_mobile&quot;:&quot;&quot;,&quot;jet_parallax_layout_bg_y&quot;:50,&quot;jet_parallax_layout_bg_y_tablet&quot;:&quot;&quot;,&quot;jet_parallax_layout_bg_y_mobile&quot;:&quot;&quot;,&quot;jet_parallax_layout_bg_size&quot;:&quot;auto&quot;,&quot;jet_parallax_layout_bg_size_tablet&quot;:&quot;&quot;,&quot;jet_parallax_layout_bg_size_mobile&quot;:&quot;&quot;,&quot;jet_parallax_layout_animation_prop&quot;:&quot;transform&quot;,&quot;jet_parallax_layout_on&quot;:[&quot;desktop&quot;,&quot;tablet&quot;]}]}\">\n\t\t\t\t\t\t<div class=\"elementor-container elementor-column-gap-default\">\n\t\t\t\t\t<div class=\"elementor-column elementor-col-100 elementor-top-column elementor-element elementor-element-66624c02\" data-id=\"66624c02\" data-element_type=\"column\">\n\t\t\t<div class=\"elementor-widget-wrap elementor-element-populated\">\n\t\t\t\t\t\t<div class=\"elementor-element elementor-element-3358b8a1 elementor-invisible elementor-widget elementor-widget-text-editor\" data-id=\"3358b8a1\" data-element_type=\"widget\" data-settings=\"{&quot;_animation&quot;:&quot;fadeInUp&quot;,&quot;_animation_delay&quot;:500}\" data-widget_type=\"text-editor.default\">\n\t\t\t\t<div class=\"elementor-widget-container\">\n\t\t\t\t\t\t\t\t\t<p><strong>Declaro Responsablemente que cumplo los siguientes requisitos:<\/strong><\/p>\n<p><span style=\"text-decoration: underline\">En relaci\u00f3n a requisitos de apertura, funcionamiento y servicios:<\/span><\/p>\n<ul>\n<li>Las actividades que realiza son compatibles con la estrategia de turismo sostenible y normativa del ENP, en su caso.<\/li>\n<li>Elabora y presenta al gestor del ENP, en su caso, una memoria de actividades con datos b\u00e1sicos (n\u00ba registro, responsable, web), servicios ofrecidos y sus caracter\u00edsticas, lugar de desarrollo, tipos de clientes, tarifas, asociaciones a las que pertenece, etc.<\/li>\n<li>Dise\u00f1a su oferta o cat\u00e1logo de actividades considerando la normativa del ENP, en su caso, las limitaciones y la fragilidad de los lugares donde se desarrollen.<\/li>\n<li>Se imponen limitaciones de n\u00famero de participantes o limitaciones temporales para ofrecer actividades en lugares sensibles.<\/li>\n<li>Tiene establecidas normas de comportamiento ambiental y frente a la seguridad de los clientes durante las actividades, as\u00ed como durante el tiempo de permanencia en el espacio protegido y les informa en el momento oportuno.<\/li>\n<li>Los materiales que requieren homologaci\u00f3n, cumplen con la legislaci\u00f3n vigente.<\/li>\n<li>Recomienda\/trabaja con empresas legalmente registradas en turismo, autorizadas a hacer actividades en el espacio natural protegido, y que no realizan actividades impactantes.<\/li>\n<li>Que participa del Foro Permanente de Turismo Sostenible de su espacio natural protegido acreditado con la Carta Europea de Turismo Sostenible u otros \u00f3rganos de participaci\u00f3n.<\/li>\n<\/ul>\n<p><span style=\"text-decoration: underline\">En relaci\u00f3n a requisitos de comportamiento ambiental:<\/span><\/p>\n<ul>\n<li>Realiza un seguimiento de los consumos de energ\u00eda de su establecimiento o veh\u00edculos, en su caso.<\/li>\n<li>Realiza un seguimiento del consumo de agua en su establecimiento, en su caso.<\/li>\n<li>Aplica medidas de ahorro pasivo y activo de agua y eficiencia energ\u00e9tica, en su caso.<\/li>\n<li>Utiliza preferentemente medios de transporte de bajo requerimiento energ\u00e9tico, adapta las actividades para reducir el consumo energ\u00e9tico.<\/li>\n<li>Identifica y asegura una adecuada gesti\u00f3n de los residuos especiales y peligrosos generados (t\u00f3ner de impresora, pilas y bater\u00edas, equipos electr\u00f3nicos, pinturas, disolventes y sus envases, etc.).<\/li>\n<li>Utiliza sistema de depuraci\u00f3n adecuado o est\u00e1 conectado a la red de saneamiento municipal, en su caso.<\/li>\n<li>Implica a los clientes en la gesti\u00f3n medioambiental, a trav\u00e9s de carteles, materiales informativos, etc\u00e9tera. (agua, energ\u00eda, residuos, contaminaci\u00f3n, consumo responsable, etc\u00e9tera), y comunica las medidas que ha adoptado a favor de la sostenibilidad.<\/li>\n<\/ul>\n<p><span style=\"text-decoration: underline\">En relaci\u00f3n a requisitos de comportamiento de apoyo al desarrollo local:<\/span><\/p>\n<ul>\n<li>Compra productos locales y contrata proveedores locales e incluye en la oferta de su establecimiento productos t\u00edpicos del territorio.<\/li>\n<li>Proporciona informaci\u00f3n a los visitantes sobre tiendas locales, mercados y sobre los productos locales de la zona que pueden adquirir en ellos.<\/li>\n<li>Proporciona informaci\u00f3n sobre el transporte p\u00fablico en su material promocional e informativo.<\/li>\n<li>Selecci\u00f3n prioritaria de proveedores locales que sean respetuosos hacia el medio ambiente, y en particular, empresas adheridas al Club.<\/li>\n<\/ul>\n<p><span style=\"text-decoration: underline\">En relaci\u00f3n a requisitos de funcionamiento del Club:<\/span><\/p>\n<ul>\n<li>Mantiene la placa identificativa\/distintivo de su pertenencia al Club.<\/li>\n<li>En su promoci\u00f3n utiliza la imagen del Club.<\/li>\n<li>Proporciona informaci\u00f3n sobre el Club y los empresarios adheridos.<\/li>\n<li>Comunica inmediatamente al Club los cambios en su oferta o servicios.<\/li>\n<li>Participa en reuniones y eventos del Club.<\/li>\n<\/ul>\n\t\t\t\t\t\t\t\t<\/div>\n\t\t\t\t<\/div>\n\t\t\t\t\t<\/div>\n\t\t<\/div>\n\t\t\t\t\t<\/div>\n\t\t<\/section>\n\t\t\t\t<\/div>","protected":false},"excerpt":{"rendered":"<p>DECLARACI\u00d3N RESPONSABLE Solicitud de admisi\u00f3n socios<\/p>","protected":false},"author":22,"featured_media":0,"parent":0,"menu_order":0,"comment_status":"closed","ping_status":"closed","template":"","meta":{"footnotes":""},"class_list":["post-2230","page","type-page","status-publish","hentry"],"_links":{"self":[{"href":"https:\/\/trinoclubdeecoturismo.es\/en\/wp-json\/wp\/v2\/pages\/2230","targetHints":{"allow":["GET"]}}],"collection":[{"href":"https:\/\/trinoclubdeecoturismo.es\/en\/wp-json\/wp\/v2\/pages"}],"about":[{"href":"https:\/\/trinoclubdeecoturismo.es\/en\/wp-json\/wp\/v2\/types\/page"}],"author":[{"embeddable":true,"href":"https:\/\/trinoclubdeecoturismo.es\/en\/wp-json\/wp\/v2\/users\/22"}],"replies":[{"embeddable":true,"href":"https:\/\/trinoclubdeecoturismo.es\/en\/wp-json\/wp\/v2\/comments?post=2230"}],"version-history":[{"count":5,"href":"https:\/\/trinoclubdeecoturismo.es\/en\/wp-json\/wp\/v2\/pages\/2230\/revisions"}],"predecessor-version":[{"id":2429,"href":"https:\/\/trinoclubdeecoturismo.es\/en\/wp-json\/wp\/v2\/pages\/2230\/revisions\/2429"}],"wp:attachment":[{"href":"https:\/\/trinoclubdeecoturismo.es\/en\/wp-json\/wp\/v2\/media?parent=2230"}],"curies":[{"name":"wp","href":"https:\/\/api.w.org\/{rel}","templated":true}]}}