{"id":3,"date":"2022-01-27T13:15:32","date_gmt":"2022-01-27T13:15:32","guid":{"rendered":"https:\/\/trinoclubdeecoturismo.es\/?page_id=3"},"modified":"2022-05-26T11:11:50","modified_gmt":"2022-05-26T11:11:50","slug":"politica-privacidad","status":"publish","type":"page","link":"https:\/\/trinoclubdeecoturismo.es\/en\/politica-privacidad\/","title":{"rendered":"Pol\u00edtica de privacidad"},"content":{"rendered":"<div data-elementor-type=\"wp-page\" data-elementor-id=\"3\" class=\"elementor elementor-3\" data-elementor-post-type=\"page\">\n\t\t\t\t\t\t<section class=\"elementor-section elementor-top-section elementor-element elementor-element-c240b0d elementor-section-boxed elementor-section-height-default elementor-section-height-default\" data-id=\"c240b0d\" data-element_type=\"section\" data-settings=\"{&quot;jet_parallax_layout_list&quot;:[{&quot;jet_parallax_layout_image&quot;:{&quot;url&quot;:&quot;&quot;,&quot;id&quot;:&quot;&quot;,&quot;size&quot;:&quot;&quot;},&quot;_id&quot;:&quot;5450d38&quot;,&quot;jet_parallax_layout_image_tablet&quot;:{&quot;url&quot;:&quot;&quot;,&quot;id&quot;:&quot;&quot;,&quot;size&quot;:&quot;&quot;},&quot;jet_parallax_layout_image_mobile&quot;:{&quot;url&quot;:&quot;&quot;,&quot;id&quot;:&quot;&quot;,&quot;size&quot;:&quot;&quot;},&quot;jet_parallax_layout_speed&quot;:{&quot;unit&quot;:&quot;%&quot;,&quot;size&quot;:50,&quot;sizes&quot;:[]},&quot;jet_parallax_layout_type&quot;:&quot;scroll&quot;,&quot;jet_parallax_layout_direction&quot;:null,&quot;jet_parallax_layout_fx_direction&quot;:null,&quot;jet_parallax_layout_z_index&quot;:&quot;&quot;,&quot;jet_parallax_layout_bg_x&quot;:50,&quot;jet_parallax_layout_bg_x_tablet&quot;:&quot;&quot;,&quot;jet_parallax_layout_bg_x_mobile&quot;:&quot;&quot;,&quot;jet_parallax_layout_bg_y&quot;:50,&quot;jet_parallax_layout_bg_y_tablet&quot;:&quot;&quot;,&quot;jet_parallax_layout_bg_y_mobile&quot;:&quot;&quot;,&quot;jet_parallax_layout_bg_size&quot;:&quot;auto&quot;,&quot;jet_parallax_layout_bg_size_tablet&quot;:&quot;&quot;,&quot;jet_parallax_layout_bg_size_mobile&quot;:&quot;&quot;,&quot;jet_parallax_layout_animation_prop&quot;:&quot;transform&quot;,&quot;jet_parallax_layout_on&quot;:[&quot;desktop&quot;,&quot;tablet&quot;]}]}\">\n\t\t\t\t\t\t<div class=\"elementor-container elementor-column-gap-default\">\n\t\t\t\t\t<div class=\"elementor-column elementor-col-100 elementor-top-column elementor-element elementor-element-d15ff6a\" data-id=\"d15ff6a\" data-element_type=\"column\">\n\t\t\t<div class=\"elementor-widget-wrap elementor-element-populated\">\n\t\t\t\t\t\t<div class=\"elementor-element elementor-element-1921b21 elementor-invisible elementor-widget elementor-widget-heading\" data-id=\"1921b21\" data-element_type=\"widget\" data-settings=\"{&quot;_animation&quot;:&quot;fadeInUp&quot;,&quot;_animation_delay&quot;:500}\" data-widget_type=\"heading.default\">\n\t\t\t\t<div class=\"elementor-widget-container\">\n\t\t\t\t\t<h2 class=\"elementor-heading-title elementor-size-default\">Pol\u00edtica de privacidad<\/h2>\t\t\t\t<\/div>\n\t\t\t\t<\/div>\n\t\t\t\t\t<\/div>\n\t\t<\/div>\n\t\t\t\t\t<\/div>\n\t\t<\/section>\n\t\t\t\t<section class=\"elementor-section elementor-top-section elementor-element elementor-element-fec246d elementor-section-boxed elementor-section-height-default elementor-section-height-default\" data-id=\"fec246d\" data-element_type=\"section\" data-settings=\"{&quot;jet_parallax_layout_list&quot;:[{&quot;jet_parallax_layout_image&quot;:{&quot;url&quot;:&quot;&quot;,&quot;id&quot;:&quot;&quot;,&quot;size&quot;:&quot;&quot;},&quot;_id&quot;:&quot;c1df22f&quot;,&quot;jet_parallax_layout_image_tablet&quot;:{&quot;url&quot;:&quot;&quot;,&quot;id&quot;:&quot;&quot;,&quot;size&quot;:&quot;&quot;},&quot;jet_parallax_layout_image_mobile&quot;:{&quot;url&quot;:&quot;&quot;,&quot;id&quot;:&quot;&quot;,&quot;size&quot;:&quot;&quot;},&quot;jet_parallax_layout_speed&quot;:{&quot;unit&quot;:&quot;%&quot;,&quot;size&quot;:50,&quot;sizes&quot;:[]},&quot;jet_parallax_layout_type&quot;:&quot;scroll&quot;,&quot;jet_parallax_layout_direction&quot;:null,&quot;jet_parallax_layout_fx_direction&quot;:null,&quot;jet_parallax_layout_z_index&quot;:&quot;&quot;,&quot;jet_parallax_layout_bg_x&quot;:50,&quot;jet_parallax_layout_bg_x_tablet&quot;:&quot;&quot;,&quot;jet_parallax_layout_bg_x_mobile&quot;:&quot;&quot;,&quot;jet_parallax_layout_bg_y&quot;:50,&quot;jet_parallax_layout_bg_y_tablet&quot;:&quot;&quot;,&quot;jet_parallax_layout_bg_y_mobile&quot;:&quot;&quot;,&quot;jet_parallax_layout_bg_size&quot;:&quot;auto&quot;,&quot;jet_parallax_layout_bg_size_tablet&quot;:&quot;&quot;,&quot;jet_parallax_layout_bg_size_mobile&quot;:&quot;&quot;,&quot;jet_parallax_layout_animation_prop&quot;:&quot;transform&quot;,&quot;jet_parallax_layout_on&quot;:[&quot;desktop&quot;,&quot;tablet&quot;]}]}\">\n\t\t\t\t\t\t<div class=\"elementor-container elementor-column-gap-default\">\n\t\t\t\t\t<div class=\"elementor-column elementor-col-100 elementor-top-column elementor-element elementor-element-dd30955\" data-id=\"dd30955\" data-element_type=\"column\">\n\t\t\t<div class=\"elementor-widget-wrap elementor-element-populated\">\n\t\t\t\t\t\t<div class=\"elementor-element elementor-element-c04b95c elementor-invisible elementor-widget elementor-widget-text-editor\" data-id=\"c04b95c\" data-element_type=\"widget\" data-settings=\"{&quot;_animation&quot;:&quot;fadeInUp&quot;,&quot;_animation_delay&quot;:500}\" data-widget_type=\"text-editor.default\">\n\t\t\t\t<div class=\"elementor-widget-container\">\n\t\t\t\t\t\t\t\t\t<p><strong>Tratamiento de datos personales<\/strong><\/p>\n<p>En virtud de lo establecido en la Ley Org\u00e1nica Espa\u00f1ola 15\/1999, de 13 de diciembre de Protecci\u00f3n de Datos de Car\u00e1cter Personal, el titular del sitio web www.trinoclubdeecoturismo.es TRINO Club de Ecoturismo de Castilla y Le\u00f3n, garantiza que tratar\u00e1 confidencialmente los datos de car\u00e1cter personal del Usuario a los que tenga acceso como consecuencia de su navegaci\u00f3n o de su registro.<\/p>\n<p>El Usuario o su representante legal podr\u00e1 ejercer sus derechos de acceso, rectificaci\u00f3n, oposici\u00f3n o cancelaci\u00f3n de sus datos personales dirigi\u00e9ndose por escrito a TRINO Club de Ecoturismo de Castilla y Le\u00f3n cuyo domicilio a efectos de correspondencia est\u00e1 situado en la Avenida del Parque 10, 47600 Villal\u00f3n de Campos (Valladolid). En dicha solicitud deber\u00e1 constar el nombre y apellidos del Usuario, fotocopia del Documento Nacional de Identidad o Pasaporte, petici\u00f3n, domicilio a efectos de notificaciones, fecha y firma. En caso de representaci\u00f3n, deber\u00e1 acreditarse la misma mediante documento fehaciente.<\/p>\n<p>Asimismo, el servidor en el que se almacenar\u00e1n y tratar\u00e1n dichos datos goza de las medidas de seguridad necesarias para evitar la alteraci\u00f3n, p\u00e9rdida, el tratamiento o acceso no autorizados a dichos datos.<\/p>\n<p>Garant\u00eda de confidencialidad<\/p>\n<p>TRINO Club de Ecoturismo de Castilla y Le\u00f3n garantiza la confidencialidad de los datos recibidos y valoramos la confianza que ha depositado en nosotros. Por eso, asegurar la confidencialidad de sus datos es nuestro compromiso. Garantizamos que nunca compartiremos sus datos con ninguna organizaci\u00f3n o empresa ajena a TRINO Club de Ecoturismo de Castilla y Le\u00f3n.<\/p>\n<p>Comunicaciones<\/p>\n<p>A efectos de comunicaciones la direcci\u00f3n es la siguiente:<\/p>\n<p><strong>TRINO Club de Ecoturismo de Castilla y Le\u00f3n<\/strong><br \/>\nCIF: G47787874<br \/>\nAvenida del Parque 10<br \/>\n47600 Villal\u00f3n de Campos (Valladolid)<br \/>\nEmail:\u00a0info@trinoclubdeecoturismo.es<\/p>\n\t\t\t\t\t\t\t\t<\/div>\n\t\t\t\t<\/div>\n\t\t\t\t\t<\/div>\n\t\t<\/div>\n\t\t\t\t\t<\/div>\n\t\t<\/section>\n\t\t\t\t<\/div>","protected":false},"excerpt":{"rendered":"<p>Pol\u00edtica de privacidad<\/p>","protected":false},"author":1,"featured_media":0,"parent":0,"menu_order":0,"comment_status":"closed","ping_status":"closed","template":"","meta":{"footnotes":""},"class_list":["post-3","page","type-page","status-publish","hentry"],"_links":{"self":[{"href":"https:\/\/trinoclubdeecoturismo.es\/en\/wp-json\/wp\/v2\/pages\/3","targetHints":{"allow":["GET"]}}],"collection":[{"href":"https:\/\/trinoclubdeecoturismo.es\/en\/wp-json\/wp\/v2\/pages"}],"about":[{"href":"https:\/\/trinoclubdeecoturismo.es\/en\/wp-json\/wp\/v2\/types\/page"}],"author":[{"embeddable":true,"href":"https:\/\/trinoclubdeecoturismo.es\/en\/wp-json\/wp\/v2\/users\/1"}],"replies":[{"embeddable":true,"href":"https:\/\/trinoclubdeecoturismo.es\/en\/wp-json\/wp\/v2\/comments?post=3"}],"version-history":[{"count":5,"href":"https:\/\/trinoclubdeecoturismo.es\/en\/wp-json\/wp\/v2\/pages\/3\/revisions"}],"predecessor-version":[{"id":2436,"href":"https:\/\/trinoclubdeecoturismo.es\/en\/wp-json\/wp\/v2\/pages\/3\/revisions\/2436"}],"wp:attachment":[{"href":"https:\/\/trinoclubdeecoturismo.es\/en\/wp-json\/wp\/v2\/media?parent=3"}],"curies":[{"name":"wp","href":"https:\/\/api.w.org\/{rel}","templated":true}]}}